{"id":6457,"date":"2023-07-24T00:56:47","date_gmt":"2023-07-24T00:56:47","guid":{"rendered":"https:\/\/rzforex.com\/lien-he-voi-chung-toi\/"},"modified":"2024-05-14T09:18:42","modified_gmt":"2024-05-14T09:18:42","slug":"lien-he-voi-chung-toi","status":"publish","type":"page","link":"https:\/\/rzforex.com\/vi\/lien-he-voi-chung-toi\/","title":{"rendered":"Li\u00ean h\u1ec7 v\u1edbi ch\u00fang t\u00f4i"},"content":{"rendered":"\t\t<div data-elementor-type=\"wp-page\" data-elementor-id=\"6457\" class=\"elementor elementor-6457 elementor-4114\" data-elementor-post-type=\"page\">\n\t\t\t\t<div data-particle_enable=\"false\" data-particle-mobile-disabled=\"false\" class=\"elementor-element elementor-element-9436b30 e-flex e-con-boxed e-con e-parent\" data-id=\"9436b30\" data-element_type=\"container\" data-e-type=\"container\">\n\t\t\t\t\t<div class=\"e-con-inner\">\n\t\t<div data-particle_enable=\"false\" data-particle-mobile-disabled=\"false\" class=\"elementor-element elementor-element-d6ae5aa e-con-full e-flex e-con e-parent\" data-id=\"d6ae5aa\" data-element_type=\"container\" data-e-type=\"container\">\n\t\t\t\t<div class=\"elementor-element elementor-element-3b611e7 elementor-widget elementor-widget-heading\" data-id=\"3b611e7\" data-element_type=\"widget\" data-e-type=\"widget\" data-widget_type=\"heading.default\">\n\t\t\t\t<div class=\"elementor-widget-container\">\n\t\t\t\t\t<h2 class=\"elementor-heading-title elementor-size-default\">Li\u00ean h\u1ec7 v\u1edbi ch\u00fang t\u00f4i<\/h2>\t\t\t\t<\/div>\n\t\t\t\t<\/div>\n\t\t\t\t<div class=\"elementor-element elementor-element-2577525 elementor-button-align-stretch elementor-invisible elementor-widget elementor-widget-form\" data-id=\"2577525\" data-element_type=\"widget\" data-e-type=\"widget\" data-settings=\"{&quot;step_next_label&quot;:&quot;Sau&quot;,&quot;step_previous_label&quot;:&quot;Tr\\u01b0\\u1edbc&quot;,&quot;_animation&quot;:&quot;fadeIn&quot;,&quot;button_width&quot;:&quot;100&quot;,&quot;step_type&quot;:&quot;number_text&quot;,&quot;step_icon_shape&quot;:&quot;circle&quot;}\" data-widget_type=\"form.default\">\n\t\t\t\t<div class=\"elementor-widget-container\">\n\t\t\t\t\t\t\t<form class=\"elementor-form\" method=\"post\" name=\"Li\u00ean h\u1ec7 v\u1edbi ch\u00fang t\u00f4i\" aria-label=\"Li\u00ean h\u1ec7 v\u1edbi ch\u00fang t\u00f4i\">\n\t\t\t<input type=\"hidden\" name=\"post_id\" value=\"6457\"\/>\n\t\t\t<input type=\"hidden\" name=\"form_id\" value=\"2577525\"\/>\n\t\t\t<input type=\"hidden\" name=\"referer_title\" value=\"Li\u00ean h\u1ec7 v\u1edbi ch\u00fang t\u00f4i - RZ Forex\" \/>\n\n\t\t\t\t\t\t\t<input type=\"hidden\" name=\"queried_id\" value=\"6457\"\/>\n\t\t\t\n\t\t\t<div class=\"elementor-form-fields-wrapper elementor-labels-\">\n\t\t\t\t\t\t\t\t<div class=\"elementor-field-type-text elementor-field-group elementor-column elementor-field-group-field_ef40f78 elementor-col-100\">\n\t\t\t\t\t\t\t\t\t\t\t\t\t<input size=\"1\" type=\"text\" name=\"form_fields[field_ef40f78]\" id=\"form-field-field_ef40f78\" class=\"elementor-field elementor-size-md  elementor-field-textual\" placeholder=\"T\u00ean\">\n\t\t\t\t\t\t\t\t\t\t\t<\/div>\n\t\t\t\t\t\t\t\t<div class=\"elementor-field-type-text elementor-field-group elementor-column elementor-field-group-field_9d005ef elementor-col-100\">\n\t\t\t\t\t\t\t\t\t\t\t\t\t<input size=\"1\" type=\"text\" name=\"form_fields[field_9d005ef]\" id=\"form-field-field_9d005ef\" class=\"elementor-field elementor-size-md  elementor-field-textual\" placeholder=\"C\u00f4ng ty (t\u00f9y ch\u1ecdn)\">\n\t\t\t\t\t\t\t\t\t\t\t<\/div>\n\t\t\t\t\t\t\t\t<div class=\"elementor-field-type-tel elementor-field-group elementor-column elementor-field-group-field_0ca1368 elementor-col-100\">\n\t\t\t\t\t\t\t<input size=\"1\" type=\"tel\" name=\"form_fields[field_0ca1368]\" id=\"form-field-field_0ca1368\" class=\"elementor-field elementor-size-md  elementor-field-textual\" placeholder=\"\u0110i\u1ec7n tho\u1ea1i\" pattern=\"[0-9()#&amp;+*-=.]+\" title=\"Only numbers and phone characters (#, -, *, etc) are accepted.\">\n\n\t\t\t\t\t\t<\/div>\n\t\t\t\t\t\t\t\t<div class=\"elementor-field-type-email elementor-field-group elementor-column elementor-field-group-field_3254e51 elementor-col-100\">\n\t\t\t\t\t\t\t\t\t\t\t\t\t<input size=\"1\" type=\"email\" name=\"form_fields[field_3254e51]\" id=\"form-field-field_3254e51\" class=\"elementor-field elementor-size-md  elementor-field-textual\" placeholder=\"Email\">\n\t\t\t\t\t\t\t\t\t\t\t<\/div>\n\t\t\t\t\t\t\t\t<div class=\"elementor-field-type-textarea elementor-field-group elementor-column elementor-field-group-field_8aa1f43 elementor-col-100\">\n\t\t\t\t\t<textarea class=\"elementor-field-textual elementor-field  elementor-size-md\" name=\"form_fields[field_8aa1f43]\" id=\"form-field-field_8aa1f43\" rows=\"4\" placeholder=\"Th\u00f4ng \u0111i\u1ec7p\"><\/textarea>\t\t\t\t<\/div>\n\t\t\t\t\t\t\t\t<div class=\"elementor-field-group elementor-column elementor-field-type-submit elementor-col-100 e-form__buttons\">\n\t\t\t\t\t<button class=\"elementor-button elementor-size-md elementor-animation-grow\" type=\"submit\">\n\t\t\t\t\t\t<span class=\"elementor-button-content-wrapper\">\n\t\t\t\t\t\t\t\t\t\t\t\t\t\t\t\t\t\t\t\t\t\t<span class=\"elementor-button-text\">Li\u00ean l\u1ea1c v\u1edbi ch\u00fang t\u00f4i<\/span>\n\t\t\t\t\t\t\t\t\t\t\t\t\t<\/span>\n\t\t\t\t\t<\/button>\n\t\t\t\t<\/div>\n\t\t\t<\/div>\n\t\t<\/form>\n\t\t\t\t\t\t<\/div>\n\t\t\t\t<\/div>\n\t\t\t\t<\/div>\n\t\t<div data-particle_enable=\"false\" data-particle-mobile-disabled=\"false\" class=\"elementor-element elementor-element-05af3af e-con-full e-flex e-con e-parent\" data-id=\"05af3af\" data-element_type=\"container\" data-e-type=\"container\">\n\t\t\t\t<div class=\"elementor-element elementor-element-4e015d5 elementor-widget elementor-widget-image\" data-id=\"4e015d5\" data-element_type=\"widget\" data-e-type=\"widget\" data-widget_type=\"image.default\">\n\t\t\t\t<div class=\"elementor-widget-container\">\n\t\t\t\t\t\t\t\t\t\t\t\t\t\t\t<img fetchpriority=\"high\" decoding=\"async\" width=\"800\" height=\"296\" src=\"https:\/\/rzforex.com\/wp-content\/uploads\/2023\/07\/social-network.svg\" class=\"attachment-large size-large wp-image-6466\" alt=\"\" \/>\t\t\t\t\t\t\t\t\t\t\t\t\t\t\t<\/div>\n\t\t\t\t<\/div>\n\t\t\t\t<\/div>\n\t\t\t\t\t<\/div>\n\t\t\t\t<\/div>\n\t\t<div data-particle_enable=\"false\" data-particle-mobile-disabled=\"false\" class=\"elementor-element elementor-element-7c197d5 e-flex e-con-boxed e-con e-parent\" data-id=\"7c197d5\" data-element_type=\"container\" data-e-type=\"container\" data-settings=\"{&quot;background_background&quot;:&quot;classic&quot;}\">\n\t\t\t\t\t<div class=\"e-con-inner\">\n\t\t<div data-particle_enable=\"false\" data-particle-mobile-disabled=\"false\" class=\"elementor-element elementor-element-935d793 e-con-full e-flex e-con e-parent\" data-id=\"935d793\" data-element_type=\"container\" data-e-type=\"container\" data-settings=\"{&quot;background_background&quot;:&quot;classic&quot;}\">\n\t\t\t\t<div class=\"elementor-element elementor-element-4184c64 elementor-widget elementor-widget-image\" data-id=\"4184c64\" data-element_type=\"widget\" data-e-type=\"widget\" data-widget_type=\"image.default\">\n\t\t\t\t<div class=\"elementor-widget-container\">\n\t\t\t\t\t\t\t\t\t\t\t\t\t\t\t<img decoding=\"async\" width=\"800\" height=\"934\" src=\"https:\/\/rzforex.com\/wp-content\/uploads\/2023\/07\/phone-contact-list.svg\" class=\"attachment-large size-large wp-image-6459\" alt=\"\" \/>\t\t\t\t\t\t\t\t\t\t\t\t\t\t\t<\/div>\n\t\t\t\t<\/div>\n\t\t\t\t<div class=\"elementor-element elementor-element-c1badfa elementor-widget elementor-widget-heading\" data-id=\"c1badfa\" data-element_type=\"widget\" data-e-type=\"widget\" data-widget_type=\"heading.default\">\n\t\t\t\t<div class=\"elementor-widget-container\">\n\t\t\t\t\t<h2 class=\"elementor-heading-title elementor-size-default\">G\u1ecdi cho ch\u00fang t\u00f4i<\/h2>\t\t\t\t<\/div>\n\t\t\t\t<\/div>\n\t\t\t\t<div class=\"elementor-element elementor-element-2f39354 elementor-widget elementor-widget-text-editor\" data-id=\"2f39354\" data-element_type=\"widget\" data-e-type=\"widget\" data-widget_type=\"text-editor.default\">\n\t\t\t\t<div class=\"elementor-widget-container\">\n\t\t\t\t\t\t\t\t\t<p>+61 2 9017 5200<\/p>\n<p>\u0110\u01b0\u1eddng d\u00e2y \u0111i\u1ec7n tho\u1ea1i c\u1ee7a ch\u00fang t\u00f4i m\u1edf c\u1eeda t\u1eeb 9 gi\u1edd s\u00e1ng \u0111\u1ebfn 5 gi\u1edd 30 chi\u1ec1u t\u1eeb th\u1ee9 Hai \u0111\u1ebfn th\u1ee9 S\u00e1u theo gi\u1edd AEST \/ AEDT.<\/p>\n\t\t\t\t\t\t\t\t<\/div>\n\t\t\t\t<\/div>\n\t\t\t\t<\/div>\n\t\t<div data-particle_enable=\"false\" data-particle-mobile-disabled=\"false\" class=\"elementor-element elementor-element-3cf6112 e-con-full e-flex e-con e-parent\" data-id=\"3cf6112\" data-element_type=\"container\" data-e-type=\"container\" data-settings=\"{&quot;background_background&quot;:&quot;classic&quot;}\">\n\t\t\t\t<div class=\"elementor-element elementor-element-a238a1a elementor-widget elementor-widget-image\" data-id=\"a238a1a\" data-element_type=\"widget\" data-e-type=\"widget\" data-widget_type=\"image.default\">\n\t\t\t\t<div class=\"elementor-widget-container\">\n\t\t\t\t\t\t\t\t\t\t\t\t\t\t\t<img decoding=\"async\" width=\"2041\" height=\"2467\" src=\"https:\/\/rzforex.com\/wp-content\/uploads\/2023\/07\/email-communication.svg\" class=\"attachment-full size-full wp-image-6465\" alt=\"\" \/>\t\t\t\t\t\t\t\t\t\t\t\t\t\t\t<\/div>\n\t\t\t\t<\/div>\n\t\t\t\t<div class=\"elementor-element elementor-element-2cb837b elementor-widget elementor-widget-heading\" data-id=\"2cb837b\" data-element_type=\"widget\" data-e-type=\"widget\" data-widget_type=\"heading.default\">\n\t\t\t\t<div class=\"elementor-widget-container\">\n\t\t\t\t\t<h2 class=\"elementor-heading-title elementor-size-default\">G\u1eedi email cho ch\u00fang t\u00f4i<\/h2>\t\t\t\t<\/div>\n\t\t\t\t<\/div>\n\t\t\t\t<div class=\"elementor-element elementor-element-fe8a593 elementor-widget elementor-widget-text-editor\" data-id=\"fe8a593\" data-element_type=\"widget\" data-e-type=\"widget\" data-widget_type=\"text-editor.default\">\n\t\t\t\t<div class=\"elementor-widget-container\">\n\t\t\t\t\t\t\t\t\t<p>support@ruizean.com<\/p>\n\t\t\t\t\t\t\t\t<\/div>\n\t\t\t\t<\/div>\n\t\t\t\t<\/div>\n\t\t<div data-particle_enable=\"false\" data-particle-mobile-disabled=\"false\" class=\"elementor-element elementor-element-53c0d77 e-con-full e-flex e-con e-parent\" data-id=\"53c0d77\" data-element_type=\"container\" data-e-type=\"container\" data-settings=\"{&quot;background_background&quot;:&quot;classic&quot;}\">\n\t\t\t\t<div class=\"elementor-element elementor-element-d168142 elementor-widget elementor-widget-image\" data-id=\"d168142\" data-element_type=\"widget\" data-e-type=\"widget\" data-widget_type=\"image.default\">\n\t\t\t\t<div class=\"elementor-widget-container\">\n\t\t\t\t\t\t\t\t\t\t\t\t\t\t\t<img loading=\"lazy\" decoding=\"async\" width=\"800\" height=\"504\" src=\"https:\/\/rzforex.com\/wp-content\/uploads\/2023\/07\/map-1.svg\" class=\"attachment-large size-large wp-image-6464\" alt=\"\" \/>\t\t\t\t\t\t\t\t\t\t\t\t\t\t\t<\/div>\n\t\t\t\t<\/div>\n\t\t\t\t<div class=\"elementor-element elementor-element-e888ceb elementor-widget elementor-widget-heading\" data-id=\"e888ceb\" data-element_type=\"widget\" data-e-type=\"widget\" data-widget_type=\"heading.default\">\n\t\t\t\t<div class=\"elementor-widget-container\">\n\t\t\t\t\t<h2 class=\"elementor-heading-title elementor-size-default\">\u0110\u1ecba ch\u1ec9<\/h2>\t\t\t\t<\/div>\n\t\t\t\t<\/div>\n\t\t\t\t<div class=\"elementor-element elementor-element-4649e46 elementor-widget elementor-widget-text-editor\" data-id=\"4649e46\" data-element_type=\"widget\" data-e-type=\"widget\" data-widget_type=\"text-editor.default\">\n\t\t\t\t<div class=\"elementor-widget-container\">\n\t\t\t\t\t\t\t\t\t<p>Suite 902, Zenith Tower B<br \/>821 Pacific Highway<br \/>Chatswood NSW 2067<br \/>Australia<\/p>\n\t\t\t\t\t\t\t\t<\/div>\n\t\t\t\t<\/div>\n\t\t\t\t<\/div>\n\t\t\t\t\t<\/div>\n\t\t\t\t<\/div>\n\t\t<div data-particle_enable=\"false\" data-particle-mobile-disabled=\"false\" class=\"elementor-element elementor-element-e164bf5 e-flex e-con-boxed e-con e-parent\" data-id=\"e164bf5\" data-element_type=\"container\" data-e-type=\"container\" data-settings=\"{&quot;background_background&quot;:&quot;gradient&quot;}\">\n\t\t\t\t\t<div class=\"e-con-inner\">\n\t\t<div data-particle_enable=\"false\" data-particle-mobile-disabled=\"false\" class=\"elementor-element elementor-element-c04a813 e-con-full e-flex e-con e-parent\" data-id=\"c04a813\" data-element_type=\"container\" data-e-type=\"container\" data-settings=\"{&quot;background_background&quot;:&quot;classic&quot;}\">\n\t\t\t\t<div class=\"elementor-element elementor-element-1d3fe34 elementor-widget elementor-widget-image\" data-id=\"1d3fe34\" data-element_type=\"widget\" data-e-type=\"widget\" data-widget_type=\"image.default\">\n\t\t\t\t<div class=\"elementor-widget-container\">\n\t\t\t\t\t\t\t\t\t\t\t\t\t\t\t<img loading=\"lazy\" decoding=\"async\" width=\"164\" height=\"40\" src=\"https:\/\/rzforex.com\/wp-content\/uploads\/2023\/06\/RZ-Web-Logo-white.svg\" class=\"attachment-large size-large wp-image-7201\" alt=\"\" \/>\t\t\t\t\t\t\t\t\t\t\t\t\t\t\t<\/div>\n\t\t\t\t<\/div>\n\t\t\t\t<div class=\"elementor-element elementor-element-b90e145 elementor-widget elementor-widget-heading\" data-id=\"b90e145\" data-element_type=\"widget\" data-e-type=\"widget\" data-widget_type=\"heading.default\">\n\t\t\t\t<div class=\"elementor-widget-container\">\n\t\t\t\t\t<h6 class=\"elementor-heading-title elementor-size-default\">QU\u1ea2N L\u00dd T\u1ea4T C\u1ea2 C\u00c1C KHO\u1ea2N THANH TO\u00c1N C\u1ee6A B\u1ea0N \u1ede M\u1ed8T N\u01a0I<\/h6>\t\t\t\t<\/div>\n\t\t\t\t<\/div>\n\t\t\t\t<div class=\"elementor-element elementor-element-1b572fe elementor-widget elementor-widget-heading\" data-id=\"1b572fe\" data-element_type=\"widget\" data-e-type=\"widget\" data-widget_type=\"heading.default\">\n\t\t\t\t<div class=\"elementor-widget-container\">\n\t\t\t\t\t<h3 class=\"elementor-heading-title elementor-size-default\">Trao quy\u1ec1n cho c\u00e1c doanh nghi\u1ec7p v\u00e0<br>  C\u00e1ch m\u1ea1ng h\u00f3a c\u00e1ch b\u1ea1n th\u1ef1c hi\u1ec7n thanh to\u00e1n<\/h3>\t\t\t\t<\/div>\n\t\t\t\t<\/div>\n\t\t\t\t<div class=\"elementor-element elementor-element-da32de0 elementor-headline--style-rotate elementor-widget elementor-widget-animated-headline\" data-id=\"da32de0\" data-element_type=\"widget\" data-e-type=\"widget\" data-settings=\"{&quot;headline_style&quot;:&quot;rotate&quot;,&quot;animation_type&quot;:&quot;slide-down&quot;,&quot;rotating_text&quot;:&quot;THU TH\\u1eacP\\nCONVERT\\nG\\u1eecI&quot;,&quot;loop&quot;:&quot;yes&quot;,&quot;rotate_iteration_delay&quot;:2500}\" data-widget_type=\"animated-headline.default\">\n\t\t\t\t<div class=\"elementor-widget-container\">\n\t\t\t\t\t\t\t<h3 class=\"elementor-headline elementor-headline-animation-type-slide-down\">\n\t\t\t\t<span class=\"elementor-headline-dynamic-wrapper elementor-headline-text-wrapper\">\n\t\t\t\t\t<span class=\"elementor-headline-dynamic-text elementor-headline-text-active\">\n\t\t\t\tTHU&nbsp;TH\u1eacP\t\t\t<\/span>\n\t\t\t\t\t<span class=\"elementor-headline-dynamic-text\">\n\t\t\t\tCONVERT\t\t\t<\/span>\n\t\t\t\t\t<span class=\"elementor-headline-dynamic-text\">\n\t\t\t\tG\u1eecI\t\t\t<\/span>\n\t\t\t\t\t\t<\/span>\n\t\t\t\t<\/h3>\n\t\t\t\t\t\t<\/div>\n\t\t\t\t<\/div>\n\t\t\t\t<div class=\"elementor-element elementor-element-5eeb55a elementor-invisible elementor-widget elementor-widget-eael-creative-button\" data-id=\"5eeb55a\" data-element_type=\"widget\" data-e-type=\"widget\" data-settings=\"{&quot;_animation&quot;:&quot;fadeInLeft&quot;}\" data-widget_type=\"eael-creative-button.default\">\n\t\t\t\t<div class=\"elementor-widget-container\">\n\t\t\t\t\t        <div class=\"eael-creative-button-wrapper\">\n\n            <a class=\"eael-creative-button eael-creative-button--winona eael-cb-icon-position-\" href=\"https:\/\/portal.rzforex.com\/auth\/signUp\" target=\"_blank\" data-text=\"QU\u1ea2N L\u00dd THANH TO\u00c1N\">\n            \t    \n                <div class=\"creative-button-inner\">\n\n                    \n                    <span class=\"cretive-button-text\">M\u1ede T\u00c0I KHO\u1ea2N<\/span>\n\n                                    <\/div>\n\t                        <\/a>\n        <\/div>\n        \t\t\t\t<\/div>\n\t\t\t\t<\/div>\n\t\t\t\t<\/div>\n\t\t\t\t\t<\/div>\n\t\t\t\t<\/div>\n\t\t\t\t<\/div>\n\t\t","protected":false},"excerpt":{"rendered":"<p>Li\u00ean h\u1ec7 v\u1edbi ch\u00fang t\u00f4i G\u1ecdi cho ch\u00fang t\u00f4i +61 2 9017 5200 \u0110\u01b0\u1eddng d\u00e2y \u0111i\u1ec7n tho\u1ea1i c\u1ee7a ch\u00fang t\u00f4i m\u1edf c\u1eeda t\u1eeb 9 gi\u1edd s\u00e1ng \u0111\u1ebfn 5 gi\u1edd 30 chi\u1ec1u t\u1eeb th\u1ee9 Hai \u0111\u1ebfn th\u1ee9 S\u00e1u theo gi\u1edd AEST \/ AEDT. G\u1eedi email cho ch\u00fang t\u00f4i support@ruizean.com \u0110\u1ecba ch\u1ec9 Suite 902, Zenith Tower B821 [&hellip;]<\/p>\n","protected":false},"author":1,"featured_media":0,"parent":0,"menu_order":0,"comment_status":"closed","ping_status":"closed","template":"","meta":{"footnotes":""},"class_list":["post-6457","page","type-page","status-publish","hentry"],"yoast_head":"<!-- This site is optimized with the Yoast SEO plugin v27.3 - https:\/\/yoast.com\/product\/yoast-seo-wordpress\/ -->\n<title>Li\u00ean h\u1ec7 v\u1edbi ch\u00fang t\u00f4i - RZ Forex<\/title>\n<meta name=\"robots\" content=\"index, follow, max-snippet:-1, max-image-preview:large, max-video-preview:-1\" \/>\n<link rel=\"canonical\" href=\"https:\/\/rzforex.com\/vi\/lien-he-voi-chung-toi\/\" \/>\n<meta property=\"og:locale\" content=\"vi_VN\" \/>\n<meta property=\"og:type\" content=\"article\" \/>\n<meta property=\"og:title\" content=\"Li\u00ean h\u1ec7 v\u1edbi ch\u00fang t\u00f4i - RZ Forex\" \/>\n<meta property=\"og:description\" content=\"Li\u00ean h\u1ec7 v\u1edbi ch\u00fang t\u00f4i G\u1ecdi cho ch\u00fang t\u00f4i +61 2 9017 5200 \u0110\u01b0\u1eddng d\u00e2y \u0111i\u1ec7n tho\u1ea1i c\u1ee7a ch\u00fang t\u00f4i m\u1edf c\u1eeda t\u1eeb 9 gi\u1edd s\u00e1ng \u0111\u1ebfn 5 gi\u1edd 30 chi\u1ec1u t\u1eeb th\u1ee9 Hai \u0111\u1ebfn th\u1ee9 S\u00e1u theo gi\u1edd AEST \/ AEDT. G\u1eedi email cho ch\u00fang t\u00f4i support@ruizean.com \u0110\u1ecba ch\u1ec9 Suite 902, Zenith Tower B821 [&hellip;]\" \/>\n<meta property=\"og:url\" content=\"https:\/\/rzforex.com\/vi\/lien-he-voi-chung-toi\/\" \/>\n<meta property=\"og:site_name\" content=\"RZ Forex\" \/>\n<meta property=\"article:modified_time\" content=\"2024-05-14T09:18:42+00:00\" \/>\n<meta property=\"og:image\" content=\"https:\/\/rzforex.com\/wp-content\/uploads\/2023\/07\/social-network.svg\" \/>\n<meta name=\"twitter:card\" content=\"summary_large_image\" \/>\n<meta name=\"twitter:label1\" content=\"Est. reading time\" \/>\n\t<meta name=\"twitter:data1\" content=\"1 minute\" \/>\n<script type=\"application\/ld+json\" class=\"yoast-schema-graph\">{\"@context\":\"https:\\\/\\\/schema.org\",\"@graph\":[{\"@type\":\"WebPage\",\"@id\":\"https:\\\/\\\/rzforex.com\\\/vi\\\/lien-he-voi-chung-toi\\\/\",\"url\":\"https:\\\/\\\/rzforex.com\\\/vi\\\/lien-he-voi-chung-toi\\\/\",\"name\":\"Li\u00ean h\u1ec7 v\u1edbi ch\u00fang t\u00f4i - RZ Forex\",\"isPartOf\":{\"@id\":\"https:\\\/\\\/rzforex.com\\\/vi\\\/#website\"},\"primaryImageOfPage\":{\"@id\":\"https:\\\/\\\/rzforex.com\\\/vi\\\/lien-he-voi-chung-toi\\\/#primaryimage\"},\"image\":{\"@id\":\"https:\\\/\\\/rzforex.com\\\/vi\\\/lien-he-voi-chung-toi\\\/#primaryimage\"},\"thumbnailUrl\":\"https:\\\/\\\/rzforex.com\\\/wp-content\\\/uploads\\\/2023\\\/07\\\/social-network.svg\",\"datePublished\":\"2023-07-24T00:56:47+00:00\",\"dateModified\":\"2024-05-14T09:18:42+00:00\",\"breadcrumb\":{\"@id\":\"https:\\\/\\\/rzforex.com\\\/vi\\\/lien-he-voi-chung-toi\\\/#breadcrumb\"},\"inLanguage\":\"vi-VN\",\"potentialAction\":[{\"@type\":\"ReadAction\",\"target\":[\"https:\\\/\\\/rzforex.com\\\/vi\\\/lien-he-voi-chung-toi\\\/\"]}]},{\"@type\":\"ImageObject\",\"inLanguage\":\"vi-VN\",\"@id\":\"https:\\\/\\\/rzforex.com\\\/vi\\\/lien-he-voi-chung-toi\\\/#primaryimage\",\"url\":\"https:\\\/\\\/rzforex.com\\\/wp-content\\\/uploads\\\/2023\\\/07\\\/social-network.svg\",\"contentUrl\":\"https:\\\/\\\/rzforex.com\\\/wp-content\\\/uploads\\\/2023\\\/07\\\/social-network.svg\"},{\"@type\":\"BreadcrumbList\",\"@id\":\"https:\\\/\\\/rzforex.com\\\/vi\\\/lien-he-voi-chung-toi\\\/#breadcrumb\",\"itemListElement\":[{\"@type\":\"ListItem\",\"position\":1,\"name\":\"Home\",\"item\":\"https:\\\/\\\/rzforex.com\\\/vi\\\/nha\\\/\"},{\"@type\":\"ListItem\",\"position\":2,\"name\":\"Li\u00ean h\u1ec7 v\u1edbi ch\u00fang t\u00f4i\"}]},{\"@type\":\"WebSite\",\"@id\":\"https:\\\/\\\/rzforex.com\\\/vi\\\/#website\",\"url\":\"https:\\\/\\\/rzforex.com\\\/vi\\\/\",\"name\":\"RZ Forex\",\"description\":\"Cross Border Payments\",\"publisher\":{\"@id\":\"https:\\\/\\\/rzforex.com\\\/vi\\\/#organization\"},\"potentialAction\":[{\"@type\":\"SearchAction\",\"target\":{\"@type\":\"EntryPoint\",\"urlTemplate\":\"https:\\\/\\\/rzforex.com\\\/vi\\\/?s={search_term_string}\"},\"query-input\":{\"@type\":\"PropertyValueSpecification\",\"valueRequired\":true,\"valueName\":\"search_term_string\"}}],\"inLanguage\":\"vi-VN\"},{\"@type\":\"Organization\",\"@id\":\"https:\\\/\\\/rzforex.com\\\/vi\\\/#organization\",\"name\":\"RZ Forex\",\"url\":\"https:\\\/\\\/rzforex.com\\\/vi\\\/\",\"logo\":{\"@type\":\"ImageObject\",\"inLanguage\":\"vi-VN\",\"@id\":\"https:\\\/\\\/rzforex.com\\\/vi\\\/#\\\/schema\\\/logo\\\/image\\\/\",\"url\":\"https:\\\/\\\/rzforex.com\\\/wp-content\\\/uploads\\\/2023\\\/06\\\/RZLogo-SVG-Purple.svg\",\"contentUrl\":\"https:\\\/\\\/rzforex.com\\\/wp-content\\\/uploads\\\/2023\\\/06\\\/RZLogo-SVG-Purple.svg\",\"width\":38,\"height\":38,\"caption\":\"RZ Forex\"},\"image\":{\"@id\":\"https:\\\/\\\/rzforex.com\\\/vi\\\/#\\\/schema\\\/logo\\\/image\\\/\"}}]}<\/script>\n<!-- \/ Yoast SEO plugin. -->","yoast_head_json":{"title":"Li\u00ean h\u1ec7 v\u1edbi ch\u00fang t\u00f4i - RZ Forex","robots":{"index":"index","follow":"follow","max-snippet":"max-snippet:-1","max-image-preview":"max-image-preview:large","max-video-preview":"max-video-preview:-1"},"canonical":"https:\/\/rzforex.com\/vi\/lien-he-voi-chung-toi\/","og_locale":"vi_VN","og_type":"article","og_title":"Li\u00ean h\u1ec7 v\u1edbi ch\u00fang t\u00f4i - RZ Forex","og_description":"Li\u00ean h\u1ec7 v\u1edbi ch\u00fang t\u00f4i G\u1ecdi cho ch\u00fang t\u00f4i +61 2 9017 5200 \u0110\u01b0\u1eddng d\u00e2y \u0111i\u1ec7n tho\u1ea1i c\u1ee7a ch\u00fang t\u00f4i m\u1edf c\u1eeda t\u1eeb 9 gi\u1edd s\u00e1ng \u0111\u1ebfn 5 gi\u1edd 30 chi\u1ec1u t\u1eeb th\u1ee9 Hai \u0111\u1ebfn th\u1ee9 S\u00e1u theo gi\u1edd AEST \/ AEDT. G\u1eedi email cho ch\u00fang t\u00f4i support@ruizean.com \u0110\u1ecba ch\u1ec9 Suite 902, Zenith Tower B821 [&hellip;]","og_url":"https:\/\/rzforex.com\/vi\/lien-he-voi-chung-toi\/","og_site_name":"RZ Forex","article_modified_time":"2024-05-14T09:18:42+00:00","og_image":[{"url":"https:\/\/rzforex.com\/wp-content\/uploads\/2023\/07\/social-network.svg","type":"","width":"","height":""}],"twitter_card":"summary_large_image","twitter_misc":{"Est. reading time":"1 minute"},"schema":{"@context":"https:\/\/schema.org","@graph":[{"@type":"WebPage","@id":"https:\/\/rzforex.com\/vi\/lien-he-voi-chung-toi\/","url":"https:\/\/rzforex.com\/vi\/lien-he-voi-chung-toi\/","name":"Li\u00ean h\u1ec7 v\u1edbi ch\u00fang t\u00f4i - RZ Forex","isPartOf":{"@id":"https:\/\/rzforex.com\/vi\/#website"},"primaryImageOfPage":{"@id":"https:\/\/rzforex.com\/vi\/lien-he-voi-chung-toi\/#primaryimage"},"image":{"@id":"https:\/\/rzforex.com\/vi\/lien-he-voi-chung-toi\/#primaryimage"},"thumbnailUrl":"https:\/\/rzforex.com\/wp-content\/uploads\/2023\/07\/social-network.svg","datePublished":"2023-07-24T00:56:47+00:00","dateModified":"2024-05-14T09:18:42+00:00","breadcrumb":{"@id":"https:\/\/rzforex.com\/vi\/lien-he-voi-chung-toi\/#breadcrumb"},"inLanguage":"vi-VN","potentialAction":[{"@type":"ReadAction","target":["https:\/\/rzforex.com\/vi\/lien-he-voi-chung-toi\/"]}]},{"@type":"ImageObject","inLanguage":"vi-VN","@id":"https:\/\/rzforex.com\/vi\/lien-he-voi-chung-toi\/#primaryimage","url":"https:\/\/rzforex.com\/wp-content\/uploads\/2023\/07\/social-network.svg","contentUrl":"https:\/\/rzforex.com\/wp-content\/uploads\/2023\/07\/social-network.svg"},{"@type":"BreadcrumbList","@id":"https:\/\/rzforex.com\/vi\/lien-he-voi-chung-toi\/#breadcrumb","itemListElement":[{"@type":"ListItem","position":1,"name":"Home","item":"https:\/\/rzforex.com\/vi\/nha\/"},{"@type":"ListItem","position":2,"name":"Li\u00ean h\u1ec7 v\u1edbi ch\u00fang t\u00f4i"}]},{"@type":"WebSite","@id":"https:\/\/rzforex.com\/vi\/#website","url":"https:\/\/rzforex.com\/vi\/","name":"RZ Forex","description":"Cross Border Payments","publisher":{"@id":"https:\/\/rzforex.com\/vi\/#organization"},"potentialAction":[{"@type":"SearchAction","target":{"@type":"EntryPoint","urlTemplate":"https:\/\/rzforex.com\/vi\/?s={search_term_string}"},"query-input":{"@type":"PropertyValueSpecification","valueRequired":true,"valueName":"search_term_string"}}],"inLanguage":"vi-VN"},{"@type":"Organization","@id":"https:\/\/rzforex.com\/vi\/#organization","name":"RZ Forex","url":"https:\/\/rzforex.com\/vi\/","logo":{"@type":"ImageObject","inLanguage":"vi-VN","@id":"https:\/\/rzforex.com\/vi\/#\/schema\/logo\/image\/","url":"https:\/\/rzforex.com\/wp-content\/uploads\/2023\/06\/RZLogo-SVG-Purple.svg","contentUrl":"https:\/\/rzforex.com\/wp-content\/uploads\/2023\/06\/RZLogo-SVG-Purple.svg","width":38,"height":38,"caption":"RZ Forex"},"image":{"@id":"https:\/\/rzforex.com\/vi\/#\/schema\/logo\/image\/"}}]}},"_links":{"self":[{"href":"https:\/\/rzforex.com\/vi\/wp-json\/wp\/v2\/pages\/6457","targetHints":{"allow":["GET"]}}],"collection":[{"href":"https:\/\/rzforex.com\/vi\/wp-json\/wp\/v2\/pages"}],"about":[{"href":"https:\/\/rzforex.com\/vi\/wp-json\/wp\/v2\/types\/page"}],"author":[{"embeddable":true,"href":"https:\/\/rzforex.com\/vi\/wp-json\/wp\/v2\/users\/1"}],"replies":[{"embeddable":true,"href":"https:\/\/rzforex.com\/vi\/wp-json\/wp\/v2\/comments?post=6457"}],"version-history":[{"count":3,"href":"https:\/\/rzforex.com\/vi\/wp-json\/wp\/v2\/pages\/6457\/revisions"}],"predecessor-version":[{"id":6469,"href":"https:\/\/rzforex.com\/vi\/wp-json\/wp\/v2\/pages\/6457\/revisions\/6469"}],"wp:attachment":[{"href":"https:\/\/rzforex.com\/vi\/wp-json\/wp\/v2\/media?parent=6457"}],"curies":[{"name":"wp","href":"https:\/\/api.w.org\/{rel}","templated":true}]}}